{"id":770,"date":"2021-05-21T09:58:07","date_gmt":"2021-05-21T07:58:07","guid":{"rendered":"https:\/\/yatax.fr\/actualites\/"},"modified":"2021-07-12T17:26:43","modified_gmt":"2021-07-12T15:26:43","slug":"news","status":"publish","type":"page","link":"https:\/\/yatax.fr\/en\/news\/","title":{"rendered":"News"},"content":{"rendered":"\n<style type=\"text\/css\" data-created_by=\"avia_inline_auto\" id=\"style-css-av-koy12aj9-312d1a77d96a8bc122003258299deaeb\">\n.avia-section.av-koy12aj9-312d1a77d96a8bc122003258299deaeb{\nbackground-repeat:no-repeat;\nbackground-image:url(https:\/\/yatax.fr\/wp-content\/uploads\/2021\/05\/yatax-domaines-intervention.jpg);\nbackground-position:50% 50%;\nbackground-attachment:fixed;\n}\n.avia-section.av-koy12aj9-312d1a77d96a8bc122003258299deaeb .av-section-color-overlay{\nopacity:0.1;\nbackground-color:#000000;\n}\n<\/style>\n<div id='av_section_1'  class='avia-section av-koy12aj9-312d1a77d96a8bc122003258299deaeb main_color avia-section-default avia-no-border-styling  avia-builder-el-0  el_before_av_section  avia-builder-el-first  avia-full-stretch avia-bg-style-fixed av-section-color-overlay-active av-minimum-height av-minimum-height-35 av-height-percent  container_wrap fullsize'  data-section-bg-repeat='stretch' data-av_minimum_height_pc='35' data-av_min_height_opt='percent'><div class=\"av-section-color-overlay-wrap\"><div class=\"av-section-color-overlay\"><\/div><div class='container av-section-cont-open' ><main  role=\"main\" itemprop=\"mainContentOfPage\"  class='template-page content  av-content-full alpha units'><div class='post-entry post-entry-type-page post-entry-770'><div class='entry-content-wrapper clearfix'>\n\n<style type=\"text\/css\" data-created_by=\"avia_inline_auto\" id=\"style-css-av-spx8h-5c5c8f51c3e8f334207c7d1d727b5ce1\">\n#top .hr.hr-invisible.av-spx8h-5c5c8f51c3e8f334207c7d1d727b5ce1{\nheight:50px;\n}\n<\/style>\n<div  class='hr av-spx8h-5c5c8f51c3e8f334207c7d1d727b5ce1 hr-invisible  avia-builder-el-1  el_before_av_two_third  avia-builder-el-first  av-desktop-hide av-medium-hide'><span class='hr-inner '><span class=\"hr-inner-style\"><\/span><\/span><\/div>\n<div class='flex_column_table av-ji9f5-47b0b6dbdbaf5dcb7ded72cd96ebf690 sc-av_two_third av-equal-height-column-flextable'>\n<style type=\"text\/css\" data-created_by=\"avia_inline_auto\" id=\"style-css-av-ji9f5-47b0b6dbdbaf5dcb7ded72cd96ebf690\">\n.flex_column.av-ji9f5-47b0b6dbdbaf5dcb7ded72cd96ebf690{\nborder-radius:0px 0px 0px 0px;\npadding:0px 55px 0px 0px;\n}\n<\/style>\n<div  class='flex_column av-ji9f5-47b0b6dbdbaf5dcb7ded72cd96ebf690 av_two_third  avia-builder-el-2  el_after_av_hr  el_before_av_one_third  first flex_column_table_cell av-equal-height-column av-align-middle  '     ><style type=\"text\/css\" data-created_by=\"avia_inline_auto\" id=\"style-css-av-koy11f98-ab989a81d3a42f055bd5dc7d9a57214f\">\n#top .av_textblock_section.av-koy11f98-ab989a81d3a42f055bd5dc7d9a57214f .avia_textblock{\nfont-size:23px;\ncolor:#ffffff;\n}\n\n@media only screen and (min-width: 768px) and (max-width: 989px){ \n#top .av_textblock_section.av-koy11f98-ab989a81d3a42f055bd5dc7d9a57214f .avia_textblock{\nfont-size:23px;\n}\n}\n\n@media only screen and (min-width: 480px) and (max-width: 767px){ \n#top .av_textblock_section.av-koy11f98-ab989a81d3a42f055bd5dc7d9a57214f .avia_textblock{\nfont-size:21px;\n}\n}\n\n@media only screen and (max-width: 479px){ \n#top .av_textblock_section.av-koy11f98-ab989a81d3a42f055bd5dc7d9a57214f .avia_textblock{\nfont-size:19px;\n}\n}\n<\/style>\n<section  class='av_textblock_section av-koy11f98-ab989a81d3a42f055bd5dc7d9a57214f '   itemscope=\"itemscope\" itemtype=\"https:\/\/schema.org\/CreativeWork\" ><div class='avia_textblock av_inherit_color'  itemprop=\"text\" ><h2><span style=\"color: #dca100; font-size: 24pt;\"><strong>News<\/strong><\/span><\/h2>\n<h3>Find the latest news on legal and tax matters<\/h3>\n<\/div><\/section><\/div><div class='av-flex-placeholder'><\/div>\n<style type=\"text\/css\" data-created_by=\"avia_inline_auto\" id=\"style-css-av-cth7l-42bf9248b18aaa99f2b97d7b1f1f73cc\">\n.flex_column.av-cth7l-42bf9248b18aaa99f2b97d7b1f1f73cc{\nborder-radius:0px 0px 0px 0px;\npadding:0px 0px 0px 0px;\n}\n<\/style>\n<div  class='flex_column av-cth7l-42bf9248b18aaa99f2b97d7b1f1f73cc av_one_third  avia-builder-el-4  el_after_av_two_third  avia-builder-el-last  flex_column_table_cell av-equal-height-column av-align-middle av-zero-column-padding  '     ><\/div><\/div><!--close column table wrapper. Autoclose: 1 --><\/div><\/div><\/main><!-- close content main element --><\/div><\/div><\/div><div id='av_section_2'  class='avia-section av-a4qyh-41d7909fd57ccea46cb1d5955610c233 main_color avia-section-default avia-no-border-styling  avia-builder-el-5  el_after_av_section  avia-builder-el-last  avia-bg-style-scroll container_wrap fullsize'  ><div class='container av-section-cont-open' ><div class='template-page content  av-content-full alpha units'><div class='post-entry post-entry-type-page post-entry-770'><div class='entry-content-wrapper clearfix'>\n<div  data-slideshow-options=\"{&quot;animation&quot;:&quot;fade&quot;,&quot;autoplay&quot;:false,&quot;loop_autoplay&quot;:&quot;once&quot;,&quot;interval&quot;:5,&quot;loop_manual&quot;:&quot;manual-endless&quot;,&quot;autoplay_stopper&quot;:false,&quot;noNavigation&quot;:false,&quot;show_slide_delay&quot;:90}\" class='avia-content-slider avia-content-grid-active avia-content-slider1 avia-content-slider-odd  avia-builder-el-6  avia-builder-el-no-sibling  av-slideshow-ui av-control-default   av-no-slider-navigation av-slideshow-manual av-loop-once av-loop-manual-endless '  itemscope=\"itemscope\" itemtype=\"https:\/\/schema.org\/Blog\" ><div class=\"avia-content-slider-inner\"><div class=\"slide-entry-wrap\"><article class='slide-entry flex_column  post-entry post-entry-923 slide-entry-overview slide-loop-1 slide-parity-odd  av_one_third first real-thumbnail posttype-post post-format-standard'  itemscope=\"itemscope\" itemtype=\"https:\/\/schema.org\/CreativeWork\" ><a href='https:\/\/yatax.fr\/en\/french-legislative-elections-2024-what-american-expatriates-need-to-know-about-potential-tax-changes\/' data-rel='slide-1' class='slide-image' title='French Legislative Elections 2024: What American expatriates need to know about potential tax changes'><img decoding=\"async\" fetchpriority=\"high\" width=\"495\" height=\"400\" src=\"https:\/\/yatax.fr\/wp-content\/uploads\/2024\/09\/vote-yatax-495x400.jpg\" class=\"wp-image-924 avia-img-lazy-loading-not-924 attachment-portfolio size-portfolio wp-post-image\" alt=\"\" srcset=\"https:\/\/yatax.fr\/wp-content\/uploads\/2024\/09\/vote-yatax-495x400.jpg 495w, https:\/\/yatax.fr\/wp-content\/uploads\/2024\/09\/vote-yatax-845x684.jpg 845w\" sizes=\"(max-width: 495px) 100vw, 495px\" \/><\/a><div class=\"slide-content\"><header class=\"entry-content-header\" aria-label=\"Slide: French Legislative Elections 2024: What American expatriates need to know about potential tax changes\"><h3 class='slide-entry-title entry-title '  itemprop=\"headline\" ><a href='https:\/\/yatax.fr\/en\/french-legislative-elections-2024-what-american-expatriates-need-to-know-about-potential-tax-changes\/' title='French Legislative Elections 2024: What American expatriates need to know about potential tax changes'>French Legislative Elections 2024: What American expatriates need to know about potential tax changes<\/a><\/h3><span class=\"blog-categories minor-meta\"><a href=\"https:\/\/yatax.fr\/en\/category\/tax\/\" rel=\"tag\">Tax<\/a> <\/span><span class=\"av-vertical-delimiter\"><\/span><\/header><\/div><footer class=\"entry-footer\"><\/footer><span class='hidden'>\n\t\t\t\t<span class='av-structured-data'  itemprop=\"image\" itemscope=\"itemscope\" itemtype=\"https:\/\/schema.org\/ImageObject\" >\n\t\t\t\t\t\t<span itemprop='url'>https:\/\/yatax.fr\/wp-content\/uploads\/2024\/09\/vote-yatax.jpg<\/span>\n\t\t\t\t\t\t<span itemprop='height'>1000<\/span>\n\t\t\t\t\t\t<span itemprop='width'>1500<\/span>\n\t\t\t\t<\/span>\n\t\t\t\t<span class='av-structured-data'  itemprop=\"publisher\" itemtype=\"https:\/\/schema.org\/Organization\" itemscope=\"itemscope\" >\n\t\t\t\t\t\t<span itemprop='name'>Julien Darras<\/span>\n\t\t\t\t\t\t<span itemprop='logo' itemscope itemtype='https:\/\/schema.org\/ImageObject'>\n\t\t\t\t\t\t\t<span itemprop='url'>https:\/\/yatax.fr\/wp-content\/uploads\/2021\/05\/yatax-logo-1.jpg<\/span>\n\t\t\t\t\t\t<\/span>\n\t\t\t\t<\/span><span class='av-structured-data'  itemprop=\"author\" itemscope=\"itemscope\" itemtype=\"https:\/\/schema.org\/Person\" ><span itemprop='name'>Julien Darras<\/span><\/span><span class='av-structured-data'  itemprop=\"datePublished\" datetime=\"2021-05-21T09:58:07+02:00\" >2024-09-03 18:25:59<\/span><span class='av-structured-data'  itemprop=\"dateModified\" itemtype=\"https:\/\/schema.org\/dateModified\" >2024-09-03 18:28:35<\/span><span class='av-structured-data'  itemprop=\"mainEntityOfPage\" itemtype=\"https:\/\/schema.org\/mainEntityOfPage\" ><span itemprop='name'>French Legislative Elections 2024: What American expatriates need to know about potential tax changes<\/span><\/span><\/span><\/article><article class='slide-entry flex_column  post-entry post-entry-900 slide-entry-overview slide-loop-2 slide-parity-even  av_one_third  real-thumbnail posttype-post post-format-standard'  itemscope=\"itemscope\" itemtype=\"https:\/\/schema.org\/CreativeWork\" ><a href='https:\/\/yatax.fr\/en\/calendar-for-the-2022-income-tax-filing-campaign\/' data-rel='slide-1' class='slide-image' title='Yatax presents the calendar for the 2022 income tax filing campaign'><img decoding=\"async\" fetchpriority=\"high\" width=\"495\" height=\"400\" src=\"https:\/\/yatax.fr\/wp-content\/uploads\/2023\/03\/declaration-impots-2022-495x400.jpg\" class=\"wp-image-897 avia-img-lazy-loading-not-897 attachment-portfolio size-portfolio wp-post-image\" alt=\"\" \/><\/a><div class=\"slide-content\"><header class=\"entry-content-header\" aria-label=\"Slide: Yatax presents the calendar for the 2022 income tax filing campaign\"><h3 class='slide-entry-title entry-title '  itemprop=\"headline\" ><a href='https:\/\/yatax.fr\/en\/calendar-for-the-2022-income-tax-filing-campaign\/' title='Yatax presents the calendar for the 2022 income tax filing campaign'>Yatax presents the calendar for the 2022 income tax filing campaign<\/a><\/h3><span class=\"blog-categories minor-meta\"><a href=\"https:\/\/yatax.fr\/en\/category\/tax\/\" rel=\"tag\">Tax<\/a> <\/span><span class=\"av-vertical-delimiter\"><\/span><\/header><\/div><footer class=\"entry-footer\"><\/footer><span class='hidden'>\n\t\t\t\t<span class='av-structured-data'  itemprop=\"image\" itemscope=\"itemscope\" itemtype=\"https:\/\/schema.org\/ImageObject\" >\n\t\t\t\t\t\t<span itemprop='url'>https:\/\/yatax.fr\/wp-content\/uploads\/2023\/03\/declaration-impots-2022.jpg<\/span>\n\t\t\t\t\t\t<span itemprop='height'>667<\/span>\n\t\t\t\t\t\t<span itemprop='width'>1000<\/span>\n\t\t\t\t<\/span>\n\t\t\t\t<span class='av-structured-data'  itemprop=\"publisher\" itemtype=\"https:\/\/schema.org\/Organization\" itemscope=\"itemscope\" >\n\t\t\t\t\t\t<span itemprop='name'>Julien Darras<\/span>\n\t\t\t\t\t\t<span itemprop='logo' itemscope itemtype='https:\/\/schema.org\/ImageObject'>\n\t\t\t\t\t\t\t<span itemprop='url'>https:\/\/yatax.fr\/wp-content\/uploads\/2021\/05\/yatax-logo-1.jpg<\/span>\n\t\t\t\t\t\t<\/span>\n\t\t\t\t<\/span><span class='av-structured-data'  itemprop=\"author\" itemscope=\"itemscope\" itemtype=\"https:\/\/schema.org\/Person\" ><span itemprop='name'>Julien Darras<\/span><\/span><span class='av-structured-data'  itemprop=\"datePublished\" datetime=\"2021-05-21T09:58:07+02:00\" >2023-03-15 15:46:24<\/span><span class='av-structured-data'  itemprop=\"dateModified\" itemtype=\"https:\/\/schema.org\/dateModified\" >2023-03-15 15:55:34<\/span><span class='av-structured-data'  itemprop=\"mainEntityOfPage\" itemtype=\"https:\/\/schema.org\/mainEntityOfPage\" ><span itemprop='name'>Yatax presents the calendar for the 2022 income tax filing campaign<\/span><\/span><\/span><\/article><article class='slide-entry flex_column  post-entry post-entry-802 slide-entry-overview slide-loop-3 slide-parity-odd  av_one_third  real-thumbnail posttype-post post-format-standard'  itemscope=\"itemscope\" itemtype=\"https:\/\/schema.org\/CreativeWork\" ><a href='https:\/\/yatax.fr\/en\/foreign-bank-accounts-and-life-insurance-policies-what-and-how-to-report-to-the-french-tax-authorities\/' data-rel='slide-1' class='slide-image' title='Foreign bank accounts and life insurance policies, what and how to report to the French tax authorities?'><img decoding=\"async\" fetchpriority=\"high\" width=\"495\" height=\"400\" src=\"https:\/\/yatax.fr\/wp-content\/uploads\/2021\/07\/foreign-bank-495x400.jpg\" class=\"wp-image-804 avia-img-lazy-loading-not-804 attachment-portfolio size-portfolio wp-post-image\" alt=\"\" \/><\/a><div class=\"slide-content\"><header class=\"entry-content-header\" aria-label=\"Slide: Foreign bank accounts and life insurance policies, what and how to report to the French tax authorities?\"><h3 class='slide-entry-title entry-title '  itemprop=\"headline\" ><a href='https:\/\/yatax.fr\/en\/foreign-bank-accounts-and-life-insurance-policies-what-and-how-to-report-to-the-french-tax-authorities\/' title='Foreign bank accounts and life insurance policies, what and how to report to the French tax authorities?'>Foreign bank accounts and life insurance policies, what and how to report to the French tax authorities?<\/a><\/h3><span class=\"blog-categories minor-meta\"><a href=\"https:\/\/yatax.fr\/en\/category\/tax\/\" rel=\"tag\">Tax<\/a> <\/span><span class=\"av-vertical-delimiter\"><\/span><\/header><\/div><footer class=\"entry-footer\"><\/footer><span class='hidden'>\n\t\t\t\t<span class='av-structured-data'  itemprop=\"image\" itemscope=\"itemscope\" itemtype=\"https:\/\/schema.org\/ImageObject\" >\n\t\t\t\t\t\t<span itemprop='url'>https:\/\/yatax.fr\/wp-content\/uploads\/2021\/07\/foreign-bank.jpg<\/span>\n\t\t\t\t\t\t<span itemprop='height'>667<\/span>\n\t\t\t\t\t\t<span itemprop='width'>1000<\/span>\n\t\t\t\t<\/span>\n\t\t\t\t<span class='av-structured-data'  itemprop=\"publisher\" itemtype=\"https:\/\/schema.org\/Organization\" itemscope=\"itemscope\" >\n\t\t\t\t\t\t<span itemprop='name'>Julien Darras<\/span>\n\t\t\t\t\t\t<span itemprop='logo' itemscope itemtype='https:\/\/schema.org\/ImageObject'>\n\t\t\t\t\t\t\t<span itemprop='url'>https:\/\/yatax.fr\/wp-content\/uploads\/2021\/05\/yatax-logo-1.jpg<\/span>\n\t\t\t\t\t\t<\/span>\n\t\t\t\t<\/span><span class='av-structured-data'  itemprop=\"author\" itemscope=\"itemscope\" itemtype=\"https:\/\/schema.org\/Person\" ><span itemprop='name'>Julien Darras<\/span><\/span><span class='av-structured-data'  itemprop=\"datePublished\" datetime=\"2021-05-21T09:58:07+02:00\" >2021-05-03 12:00:10<\/span><span class='av-structured-data'  itemprop=\"dateModified\" itemtype=\"https:\/\/schema.org\/dateModified\" >2021-07-12 17:15:28<\/span><span class='av-structured-data'  itemprop=\"mainEntityOfPage\" itemtype=\"https:\/\/schema.org\/mainEntityOfPage\" ><span itemprop='name'>Foreign bank accounts and life insurance policies, what and how to report to the French tax authorities?<\/span><\/span><\/span><\/article><\/div><div class=\"slide-entry-wrap\"><article class='slide-entry flex_column  post-entry post-entry-807 slide-entry-overview slide-loop-4 slide-parity-odd  post-entry-last  av_one_third first real-thumbnail posttype-post post-format-standard'  itemscope=\"itemscope\" itemtype=\"https:\/\/schema.org\/CreativeWork\" ><a href='https:\/\/yatax.fr\/en\/covid-19-lockdown-and-determination-of-tax-residency\/' data-rel='slide-1' class='slide-image' title='Covid 19 lockdown and determination of tax residency'><img decoding=\"async\" fetchpriority=\"high\" width=\"495\" height=\"400\" src=\"https:\/\/yatax.fr\/wp-content\/uploads\/2021\/07\/covid-9-lockdown-495x400.jpg\" class=\"wp-image-811 avia-img-lazy-loading-not-811 attachment-portfolio size-portfolio wp-post-image\" alt=\"\" \/><\/a><div class=\"slide-content\"><header class=\"entry-content-header\" aria-label=\"Slide: Covid 19 lockdown and determination of tax residency\"><h3 class='slide-entry-title entry-title '  itemprop=\"headline\" ><a href='https:\/\/yatax.fr\/en\/covid-19-lockdown-and-determination-of-tax-residency\/' title='Covid 19 lockdown and determination of tax residency'>Covid 19 lockdown and determination of tax residency<\/a><\/h3><span class=\"blog-categories minor-meta\"><a href=\"https:\/\/yatax.fr\/en\/category\/tax\/\" rel=\"tag\">Tax<\/a> <\/span><span class=\"av-vertical-delimiter\"><\/span><\/header><\/div><footer class=\"entry-footer\"><\/footer><span class='hidden'>\n\t\t\t\t<span class='av-structured-data'  itemprop=\"image\" itemscope=\"itemscope\" itemtype=\"https:\/\/schema.org\/ImageObject\" >\n\t\t\t\t\t\t<span itemprop='url'>https:\/\/yatax.fr\/wp-content\/uploads\/2021\/07\/covid-9-lockdown.jpg<\/span>\n\t\t\t\t\t\t<span itemprop='height'>667<\/span>\n\t\t\t\t\t\t<span itemprop='width'>1000<\/span>\n\t\t\t\t<\/span>\n\t\t\t\t<span class='av-structured-data'  itemprop=\"publisher\" itemtype=\"https:\/\/schema.org\/Organization\" itemscope=\"itemscope\" >\n\t\t\t\t\t\t<span itemprop='name'>Julien Darras<\/span>\n\t\t\t\t\t\t<span itemprop='logo' itemscope itemtype='https:\/\/schema.org\/ImageObject'>\n\t\t\t\t\t\t\t<span itemprop='url'>https:\/\/yatax.fr\/wp-content\/uploads\/2021\/05\/yatax-logo-1.jpg<\/span>\n\t\t\t\t\t\t<\/span>\n\t\t\t\t<\/span><span class='av-structured-data'  itemprop=\"author\" itemscope=\"itemscope\" itemtype=\"https:\/\/schema.org\/Person\" ><span itemprop='name'>Julien Darras<\/span><\/span><span class='av-structured-data'  itemprop=\"datePublished\" datetime=\"2021-05-21T09:58:07+02:00\" >2021-03-23 12:00:14<\/span><span class='av-structured-data'  itemprop=\"dateModified\" itemtype=\"https:\/\/schema.org\/dateModified\" >2021-07-12 17:59:29<\/span><span class='av-structured-data'  itemprop=\"mainEntityOfPage\" itemtype=\"https:\/\/schema.org\/mainEntityOfPage\" ><span itemprop='name'>Covid 19 lockdown and determination of tax residency<\/span><\/span><\/span><\/article><\/div><\/div><\/div>\n<\/p>\n","protected":false},"excerpt":{"rendered":"","protected":false},"author":1,"featured_media":0,"parent":0,"menu_order":0,"comment_status":"closed","ping_status":"closed","template":"","meta":{"footnotes":""},"class_list":["post-770","page","type-page","status-publish","hentry"],"yoast_head":"<!-- This site is optimized with the Yoast SEO plugin v27.4 - https:\/\/yoast.com\/product\/yoast-seo-wordpress\/ -->\n<title>News - Yatax<\/title>\n<meta name=\"description\" content=\"All the news from Yatax, a law firm specializing in tax law, customs law and company law.\" \/>\n<meta name=\"robots\" content=\"index, follow, max-snippet:-1, max-image-preview:large, max-video-preview:-1\" \/>\n<link rel=\"canonical\" href=\"https:\/\/yatax.fr\/en\/news\/\" \/>\n<meta property=\"og:locale\" content=\"en_US\" \/>\n<meta property=\"og:type\" content=\"article\" \/>\n<meta property=\"og:title\" content=\"News - Yatax\" \/>\n<meta property=\"og:description\" content=\"All the news from Yatax, a law firm specializing in tax law, customs law and company law.\" \/>\n<meta property=\"og:url\" content=\"https:\/\/yatax.fr\/en\/news\/\" \/>\n<meta property=\"og:site_name\" content=\"Yatax\" \/>\n<meta property=\"article:modified_time\" content=\"2021-07-12T15:26:43+00:00\" \/>\n<meta name=\"twitter:card\" content=\"summary_large_image\" \/>\n<script type=\"application\/ld+json\" class=\"yoast-schema-graph\">{\"@context\":\"https:\\\/\\\/schema.org\",\"@graph\":[{\"@type\":\"WebPage\",\"@id\":\"https:\\\/\\\/yatax.fr\\\/en\\\/news\\\/\",\"url\":\"https:\\\/\\\/yatax.fr\\\/en\\\/news\\\/\",\"name\":\"News - Yatax\",\"isPartOf\":{\"@id\":\"https:\\\/\\\/yatax.fr\\\/#website\"},\"datePublished\":\"2021-05-21T07:58:07+00:00\",\"dateModified\":\"2021-07-12T15:26:43+00:00\",\"description\":\"All the news from Yatax, a law firm specializing in tax law, customs law and company law.\",\"breadcrumb\":{\"@id\":\"https:\\\/\\\/yatax.fr\\\/en\\\/news\\\/#breadcrumb\"},\"inLanguage\":\"en-US\",\"potentialAction\":[{\"@type\":\"ReadAction\",\"target\":[\"https:\\\/\\\/yatax.fr\\\/en\\\/news\\\/\"]}]},{\"@type\":\"BreadcrumbList\",\"@id\":\"https:\\\/\\\/yatax.fr\\\/en\\\/news\\\/#breadcrumb\",\"itemListElement\":[{\"@type\":\"ListItem\",\"position\":1,\"name\":\"Accueil\",\"item\":\"https:\\\/\\\/yatax.fr\\\/en\\\/\"},{\"@type\":\"ListItem\",\"position\":2,\"name\":\"News\"}]},{\"@type\":\"WebSite\",\"@id\":\"https:\\\/\\\/yatax.fr\\\/#website\",\"url\":\"https:\\\/\\\/yatax.fr\\\/\",\"name\":\"Yatax\",\"description\":\"Le Cabinet d&#039;Avocat d\u00e9di\u00e9 \u00e0 la fiscalit\u00e9\",\"potentialAction\":[{\"@type\":\"SearchAction\",\"target\":{\"@type\":\"EntryPoint\",\"urlTemplate\":\"https:\\\/\\\/yatax.fr\\\/?s={search_term_string}\"},\"query-input\":{\"@type\":\"PropertyValueSpecification\",\"valueRequired\":true,\"valueName\":\"search_term_string\"}}],\"inLanguage\":\"en-US\"}]}<\/script>\n<!-- \/ Yoast SEO plugin. -->","yoast_head_json":{"title":"News - Yatax","description":"All the news from Yatax, a law firm specializing in tax law, customs law and company law.","robots":{"index":"index","follow":"follow","max-snippet":"max-snippet:-1","max-image-preview":"max-image-preview:large","max-video-preview":"max-video-preview:-1"},"canonical":"https:\/\/yatax.fr\/en\/news\/","og_locale":"en_US","og_type":"article","og_title":"News - Yatax","og_description":"All the news from Yatax, a law firm specializing in tax law, customs law and company law.","og_url":"https:\/\/yatax.fr\/en\/news\/","og_site_name":"Yatax","article_modified_time":"2021-07-12T15:26:43+00:00","twitter_card":"summary_large_image","schema":{"@context":"https:\/\/schema.org","@graph":[{"@type":"WebPage","@id":"https:\/\/yatax.fr\/en\/news\/","url":"https:\/\/yatax.fr\/en\/news\/","name":"News - Yatax","isPartOf":{"@id":"https:\/\/yatax.fr\/#website"},"datePublished":"2021-05-21T07:58:07+00:00","dateModified":"2021-07-12T15:26:43+00:00","description":"All the news from Yatax, a law firm specializing in tax law, customs law and company law.","breadcrumb":{"@id":"https:\/\/yatax.fr\/en\/news\/#breadcrumb"},"inLanguage":"en-US","potentialAction":[{"@type":"ReadAction","target":["https:\/\/yatax.fr\/en\/news\/"]}]},{"@type":"BreadcrumbList","@id":"https:\/\/yatax.fr\/en\/news\/#breadcrumb","itemListElement":[{"@type":"ListItem","position":1,"name":"Accueil","item":"https:\/\/yatax.fr\/en\/"},{"@type":"ListItem","position":2,"name":"News"}]},{"@type":"WebSite","@id":"https:\/\/yatax.fr\/#website","url":"https:\/\/yatax.fr\/","name":"Yatax","description":"Le Cabinet d&#039;Avocat d\u00e9di\u00e9 \u00e0 la fiscalit\u00e9","potentialAction":[{"@type":"SearchAction","target":{"@type":"EntryPoint","urlTemplate":"https:\/\/yatax.fr\/?s={search_term_string}"},"query-input":{"@type":"PropertyValueSpecification","valueRequired":true,"valueName":"search_term_string"}}],"inLanguage":"en-US"}]}},"_links":{"self":[{"href":"https:\/\/yatax.fr\/en\/wp-json\/wp\/v2\/pages\/770","targetHints":{"allow":["GET"]}}],"collection":[{"href":"https:\/\/yatax.fr\/en\/wp-json\/wp\/v2\/pages"}],"about":[{"href":"https:\/\/yatax.fr\/en\/wp-json\/wp\/v2\/types\/page"}],"author":[{"embeddable":true,"href":"https:\/\/yatax.fr\/en\/wp-json\/wp\/v2\/users\/1"}],"replies":[{"embeddable":true,"href":"https:\/\/yatax.fr\/en\/wp-json\/wp\/v2\/comments?post=770"}],"version-history":[{"count":4,"href":"https:\/\/yatax.fr\/en\/wp-json\/wp\/v2\/pages\/770\/revisions"}],"predecessor-version":[{"id":825,"href":"https:\/\/yatax.fr\/en\/wp-json\/wp\/v2\/pages\/770\/revisions\/825"}],"wp:attachment":[{"href":"https:\/\/yatax.fr\/en\/wp-json\/wp\/v2\/media?parent=770"}],"curies":[{"name":"wp","href":"https:\/\/api.w.org\/{rel}","templated":true}]}}