{"id":773,"date":"2020-04-20T21:14:05","date_gmt":"2020-04-20T19:14:05","guid":{"rendered":"https:\/\/yatax.fr\/contact\/"},"modified":"2024-09-18T13:27:34","modified_gmt":"2024-09-18T11:27:34","slug":"contact","status":"publish","type":"page","link":"https:\/\/yatax.fr\/en\/contact\/","title":{"rendered":"Contact"},"content":{"rendered":"<div id='av_section_1'  class='avia-section av-1f6xk-cff4cb466c06e9fd41d51105023695f4 main_color avia-section-default avia-no-border-styling  avia-builder-el-0  el_before_av_section  avia-builder-el-first  avia-bg-style-scroll container_wrap fullsize'  ><div class='container av-section-cont-open' ><main  role=\"main\" itemprop=\"mainContentOfPage\"  class='template-page content  av-content-full alpha units'><div class='post-entry post-entry-type-page post-entry-773'><div class='entry-content-wrapper clearfix'>\n\n<style type=\"text\/css\" data-created_by=\"avia_inline_auto\" id=\"style-css-av-k8tumbah-2562cb41b2a321fc75670aacba4c0fc6\">\n#top .hr.hr-invisible.av-k8tumbah-2562cb41b2a321fc75670aacba4c0fc6{\nheight:50px;\n}\n<\/style>\n<div  class='hr av-k8tumbah-2562cb41b2a321fc75670aacba4c0fc6 hr-invisible  avia-builder-el-1  el_before_av_one_full  avia-builder-el-first  av-desktop-hide av-medium-hide'><span class='hr-inner '><span class=\"hr-inner-style\"><\/span><\/span><\/div>\n<div class='flex_column_table av-2ej0-236608903c150cf2f365f6d36ef6c2d9 sc-av_one_full av-equal-height-column-flextable'>\n<style type=\"text\/css\" data-created_by=\"avia_inline_auto\" id=\"style-css-av-2ej0-236608903c150cf2f365f6d36ef6c2d9\">\n.flex_column.av-2ej0-236608903c150cf2f365f6d36ef6c2d9{\nborder-radius:0px 0px 0px 0px;\npadding:0px 0px 0px 0px;\n}\n<\/style>\n<div  class='flex_column av-2ej0-236608903c150cf2f365f6d36ef6c2d9 av_one_full  avia-builder-el-2  el_after_av_hr  el_before_av_one_full  first flex_column_table_cell av-equal-height-column av-align-middle av-zero-column-padding  '     ><p>\n<style type=\"text\/css\" data-created_by=\"avia_inline_auto\" id=\"style-css-av-9xxd4-2c8adc8dd63a4cb2b429f434b288fb88\">\n#top .av-special-heading.av-9xxd4-2c8adc8dd63a4cb2b429f434b288fb88{\npadding-bottom:10px;\nfont-size:45px;\n}\nbody .av-special-heading.av-9xxd4-2c8adc8dd63a4cb2b429f434b288fb88 .av-special-heading-tag .heading-char{\nfont-size:25px;\n}\n#top #wrap_all .av-special-heading.av-9xxd4-2c8adc8dd63a4cb2b429f434b288fb88 .av-special-heading-tag{\nfont-size:45px;\n}\n.av-special-heading.av-9xxd4-2c8adc8dd63a4cb2b429f434b288fb88 .av-subheading{\nfont-size:15px;\n}\n\n@media only screen and (min-width: 768px) and (max-width: 989px){ \n#top #wrap_all .av-special-heading.av-9xxd4-2c8adc8dd63a4cb2b429f434b288fb88 .av-special-heading-tag{\nfont-size:40px;\n}\n}\n\n@media only screen and (min-width: 480px) and (max-width: 767px){ \n#top #wrap_all .av-special-heading.av-9xxd4-2c8adc8dd63a4cb2b429f434b288fb88 .av-special-heading-tag{\nfont-size:30px;\n}\n}\n\n@media only screen and (max-width: 479px){ \n#top #wrap_all .av-special-heading.av-9xxd4-2c8adc8dd63a4cb2b429f434b288fb88 .av-special-heading-tag{\nfont-size:25px;\n}\n}\n<\/style>\n<div  class='av-special-heading av-9xxd4-2c8adc8dd63a4cb2b429f434b288fb88 av-special-heading-h1 blockquote modern-quote modern-centered  avia-builder-el-3  el_before_av_hr  avia-builder-el-first  av-thin-font av-inherit-size'><h1 class='av-special-heading-tag '  itemprop=\"headline\"  ><strong><span style=\"color: #dca000;\">Contact<\/span><\/strong><\/h1><div class=\"special-heading-border\"><div class=\"special-heading-inner-border\"><\/div><\/div><\/div><br \/>\n\n<style type=\"text\/css\" data-created_by=\"avia_inline_auto\" id=\"style-css-av-k8r8unqc-04a688be35f98196677ea57a2ebdd964\">\n#top .hr.hr-invisible.av-k8r8unqc-04a688be35f98196677ea57a2ebdd964{\nheight:10px;\n}\n<\/style>\n<div  class='hr av-k8r8unqc-04a688be35f98196677ea57a2ebdd964 hr-invisible  avia-builder-el-4  el_after_av_heading  el_before_av_textblock '><span class='hr-inner '><span class=\"hr-inner-style\"><\/span><\/span><\/div><br \/>\n\n<style type=\"text\/css\" data-created_by=\"avia_inline_auto\" id=\"style-css-av-k8r8t57l-ed4cbfe2841e75e19261a2eb84956230\">\n#top .av_textblock_section.av-k8r8t57l-ed4cbfe2841e75e19261a2eb84956230 .avia_textblock{\nfont-size:18px;\n}\n\n@media only screen and (min-width: 768px) and (max-width: 989px){ \n#top .av_textblock_section.av-k8r8t57l-ed4cbfe2841e75e19261a2eb84956230 .avia_textblock{\nfont-size:25px;\n}\n}\n\n@media only screen and (min-width: 480px) and (max-width: 767px){ \n#top .av_textblock_section.av-k8r8t57l-ed4cbfe2841e75e19261a2eb84956230 .avia_textblock{\nfont-size:23px;\n}\n}\n\n@media only screen and (max-width: 479px){ \n#top .av_textblock_section.av-k8r8t57l-ed4cbfe2841e75e19261a2eb84956230 .avia_textblock{\nfont-size:20px;\n}\n}\n<\/style>\n<section  class='av_textblock_section av-k8r8t57l-ed4cbfe2841e75e19261a2eb84956230 '   itemscope=\"itemscope\" itemtype=\"https:\/\/schema.org\/CreativeWork\" ><div class='avia_textblock'  itemprop=\"text\" ><p style=\"text-align: center;\">For any information, questions or requests for quotes, please contact us through this form.<\/p>\n<p style=\"text-align: center;\">We will reply as soon as possible.<\/p>\n<\/div><\/section><br \/>\n\n<style type=\"text\/css\" data-created_by=\"avia_inline_auto\" id=\"style-css-av-k8r8unqc-1-3af7184ca6e14ebef5b8d994442f77e7\">\n#top .hr.hr-invisible.av-k8r8unqc-1-3af7184ca6e14ebef5b8d994442f77e7{\nheight:15px;\n}\n<\/style>\n<div  class='hr av-k8r8unqc-1-3af7184ca6e14ebef5b8d994442f77e7 hr-invisible  avia-builder-el-6  el_after_av_textblock  avia-builder-el-last '><span class='hr-inner '><span class=\"hr-inner-style\"><\/span><\/span><\/div><\/p><\/div><\/div><!--close column table wrapper. Autoclose: 1 --><div class='flex_column_table av-2ej0-2-5421660319310a8d52098ed08b5740a3 sc-av_one_full av-equal-height-column-flextable'>\n<style type=\"text\/css\" data-created_by=\"avia_inline_auto\" id=\"style-css-av-2ej0-2-5421660319310a8d52098ed08b5740a3\">\n.flex_column.av-2ej0-2-5421660319310a8d52098ed08b5740a3{\nborder-radius:0px 0px 0px 0px;\npadding:0px 0px 0px 0px;\n}\n<\/style>\n<div  class='flex_column av-2ej0-2-5421660319310a8d52098ed08b5740a3 av_one_full  avia-builder-el-7  el_after_av_one_full  avia-builder-el-last  first flex_column_table_cell av-equal-height-column av-align-top av-zero-column-padding  column-top-margin'     ><form action=\"https:\/\/yatax.fr\/en\/contact\/\" method=\"post\" data-fields-with-error=\"Found errors in the following field(s):\" class=\"avia_ajax_form av-form-labels-visible   avia-builder-el-8  avia-builder-el-no-sibling  av-custom-form-color av-dark-form \" data-avia-form-id=\"1\" data-avia-redirect='' ><fieldset><p class='  first_form  form_element form_element_half' id='element_avia_1_1'><label for=\"avia_1_1\">Name <abbr class=\"required\" title=\"required\">*<\/abbr><\/label> <input name=\"avia_1_1\" class=\"text_input is_empty\" type=\"text\" id=\"avia_1_1\" value=\"\" \/><\/p><p class='  form_element form_element_half' id='element_avia_2_1'><label for=\"avia_2_1\">First Name <abbr class=\"required\" title=\"required\">*<\/abbr><\/label> <input name=\"avia_2_1\" class=\"text_input is_empty\" type=\"text\" id=\"avia_2_1\" value=\"\" \/><\/p><p class='  first_form  form_element form_element_half' id='element_avia_3_1'><label for=\"avia_3_1\">Company Name<\/label> <input name=\"avia_3_1\" class=\"text_input \" type=\"text\" id=\"avia_3_1\" value=\"\" \/><\/p><p class='  form_element form_element_half' id='element_avia_4_1'><label for=\"avia_4_1\">Job<\/label> <input name=\"avia_4_1\" class=\"text_input \" type=\"text\" id=\"avia_4_1\" value=\"\" \/><\/p><p class='  first_form  form_element form_element_half' id='element_avia_5_1'><label for=\"avia_5_1\">Email <abbr class=\"required\" title=\"required\">*<\/abbr><\/label> <input name=\"avia_5_1\" class=\"text_input is_empty\" type=\"text\" id=\"avia_5_1\" value=\"\" \/><\/p><p class='  form_element form_element_half' id='element_avia_6_1'><label for=\"avia_6_1\">Phone number <abbr class=\"required\" title=\"required\">*<\/abbr><\/label> <input name=\"avia_6_1\" class=\"text_input is_empty\" type=\"text\" id=\"avia_6_1\" value=\"\" \/><\/p><p class='  first_form  form_element form_fullwidth av-last-visible-form-element' id='element_avia_7_1'><label for=\"avia_7_1\" class=\"textare_label hidden textare_label_avia_7_1\">Your message<\/label><textarea  name=\"avia_7_1\" class=\"text_area \" cols=\"40\" rows=\"7\" id=\"avia_7_1\" ><\/textarea><\/p><p class=\"hidden\"><input type=\"text\" name=\"avia_8_1\" class=\"hidden \" id=\"avia_8_1\" value=\"\" \/><\/p><p class=\"form_element \"><input type=\"hidden\" value=\"1\" name=\"avia_generated_form1\" \/><input type=\"submit\" value=\"SEND\" class=\"button\"  data-sending-label=\"Sending\"\/><\/p><\/fieldset><\/form><div id=\"ajaxresponse_1\" class=\"ajaxresponse ajaxresponse_1 hidden\"><\/div><\/div><\/div><!--close column table wrapper. Autoclose: 1 --><\/div><\/div><\/main><!-- close content main element --><\/div><\/div><div id='av_section_2'  class='avia-section av-1uqc4o-37b964510a6826515cab5d86d135d5ce main_color avia-section-default avia-no-border-styling  avia-builder-el-9  el_after_av_section  avia-builder-el-last  avia-bg-style-scroll container_wrap fullsize'  ><div class='container av-section-cont-open' ><div class='template-page content  av-content-full alpha units'><div class='post-entry post-entry-type-page post-entry-773'><div class='entry-content-wrapper clearfix'>\n<div class='flex_column_table av-1qy7o0-5c77dff04435d7617563ccb2bc57c24b sc-av_one_full av-equal-height-column-flextable'>\n<style type=\"text\/css\" data-created_by=\"avia_inline_auto\" id=\"style-css-av-1qy7o0-5c77dff04435d7617563ccb2bc57c24b\">\n.flex_column.av-1qy7o0-5c77dff04435d7617563ccb2bc57c24b{\nborder-radius:0px 0px 0px 0px;\npadding:0px 0px 0px 0px;\n}\n<\/style>\n<div  id=\"coordonnees\"  class='flex_column av-1qy7o0-5c77dff04435d7617563ccb2bc57c24b av_one_full  avia-builder-el-10  el_before_av_one_half  avia-builder-el-first  first flex_column_table_cell av-equal-height-column av-align-middle av-zero-column-padding  '     ><section  class='av_textblock_section av-1muvnk-87f2805990b169444362c70ec808e359 '   itemscope=\"itemscope\" itemtype=\"https:\/\/schema.org\/CreativeWork\" ><div class='avia_textblock av_inherit_color'  itemprop=\"text\" ><h2 style=\"text-align: center;\"><span style=\"color: #dca000;\">Our Contact Information<\/span><\/h2>\n<\/div><\/section><\/div><\/div><!--close column table wrapper. Autoclose: 1 --><div class='flex_column_table av-14or1k-e9eeb678dc12fc1773b7df156af2d3af sc-av_one_half av-equal-height-column-flextable'>\n<style type=\"text\/css\" data-created_by=\"avia_inline_auto\" id=\"style-css-av-14or1k-e9eeb678dc12fc1773b7df156af2d3af\">\n.flex_column.av-14or1k-e9eeb678dc12fc1773b7df156af2d3af{\nborder-radius:0px 0px 0px 0px;\npadding:0px 0px 0px 0px;\n}\n<\/style>\n<div  id=\"coordonnees\"  class='flex_column av-14or1k-e9eeb678dc12fc1773b7df156af2d3af av_one_half  avia-builder-el-12  el_after_av_one_full  el_before_av_one_half  first flex_column_table_cell av-equal-height-column av-align-middle av-zero-column-padding  column-top-margin'     ><section  class='av_textblock_section av-uyri8-93cb1c4e9be2d62333d5d19e71c9e66f '   itemscope=\"itemscope\" itemtype=\"https:\/\/schema.org\/CreativeWork\" ><div class='avia_textblock av_inherit_color'  itemprop=\"text\" ><h3 style=\"text-align: center;\"><span style=\"color: #dca000;\">Adress<\/span><\/h3>\n<p style=\"text-align: center;\">11 rue Lincoln (2nd floor)<\/p>\n<p style=\"text-align: center;\">75008 Paris<\/p>\n<\/div><\/section><\/div><div class='av-flex-placeholder'><\/div>\n<style type=\"text\/css\" data-created_by=\"avia_inline_auto\" id=\"style-css-av-dr7hs-573cdac5b7a9705c5e9aab66e6041aeb\">\n.flex_column.av-dr7hs-573cdac5b7a9705c5e9aab66e6041aeb{\nborder-radius:0px 0px 0px 0px;\npadding:0px 0px 0px 0px;\n}\n<\/style>\n<div  id=\"coordonnees\"  class='flex_column av-dr7hs-573cdac5b7a9705c5e9aab66e6041aeb av_one_half  avia-builder-el-14  el_after_av_one_half  avia-builder-el-last  flex_column_table_cell av-equal-height-column av-align-middle av-zero-column-padding  column-top-margin'     ><section  class='av_textblock_section av-7zbp4-e04bdc2db2f90da6f459875204531f47 '   itemscope=\"itemscope\" itemtype=\"https:\/\/schema.org\/CreativeWork\" ><div class='avia_textblock av_inherit_color'  itemprop=\"text\" ><h3 style=\"text-align: center;\"><span style=\"color: #dca000;\">Email<\/span><\/h3>\n<p style=\"text-align: center;\">contact@yataxlaw.com<\/p>\n<\/div><\/section><\/div><\/div><!--close column table wrapper. Autoclose: 1 -->\n<\/p>\n","protected":false},"excerpt":{"rendered":"","protected":false},"author":1,"featured_media":0,"parent":0,"menu_order":0,"comment_status":"closed","ping_status":"closed","template":"","meta":{"footnotes":""},"class_list":["post-773","page","type-page","status-publish","hentry"],"yoast_head":"<!-- This site is optimized with the Yoast SEO plugin v27.3 - https:\/\/yoast.com\/product\/yoast-seo-wordpress\/ -->\n<title>Contact - Yatax<\/title>\n<meta name=\"description\" content=\"Contact Yatax, Law Firm specializing in Tax Law, Customs Law and Company Law.\" \/>\n<meta name=\"robots\" content=\"index, follow, max-snippet:-1, max-image-preview:large, max-video-preview:-1\" \/>\n<link rel=\"canonical\" href=\"https:\/\/yatax.fr\/en\/contact\/\" \/>\n<meta property=\"og:locale\" content=\"en_US\" \/>\n<meta property=\"og:type\" content=\"article\" \/>\n<meta property=\"og:title\" content=\"Contact - Yatax\" \/>\n<meta property=\"og:description\" content=\"Contact Yatax, Law Firm specializing in Tax Law, Customs Law and Company Law.\" \/>\n<meta property=\"og:url\" content=\"https:\/\/yatax.fr\/en\/contact\/\" \/>\n<meta property=\"og:site_name\" content=\"Yatax\" \/>\n<meta property=\"article:modified_time\" content=\"2024-09-18T11:27:34+00:00\" \/>\n<meta name=\"twitter:card\" content=\"summary_large_image\" \/>\n<meta name=\"twitter:label1\" content=\"Est. reading time\" \/>\n\t<meta name=\"twitter:data1\" content=\"1 minute\" \/>\n<script type=\"application\/ld+json\" class=\"yoast-schema-graph\">{\"@context\":\"https:\\\/\\\/schema.org\",\"@graph\":[{\"@type\":\"WebPage\",\"@id\":\"https:\\\/\\\/yatax.fr\\\/en\\\/contact\\\/\",\"url\":\"https:\\\/\\\/yatax.fr\\\/en\\\/contact\\\/\",\"name\":\"Contact - Yatax\",\"isPartOf\":{\"@id\":\"https:\\\/\\\/yatax.fr\\\/#website\"},\"datePublished\":\"2020-04-20T19:14:05+00:00\",\"dateModified\":\"2024-09-18T11:27:34+00:00\",\"description\":\"Contact Yatax, Law Firm specializing in Tax Law, Customs Law and Company Law.\",\"breadcrumb\":{\"@id\":\"https:\\\/\\\/yatax.fr\\\/en\\\/contact\\\/#breadcrumb\"},\"inLanguage\":\"en-US\",\"potentialAction\":[{\"@type\":\"ReadAction\",\"target\":[\"https:\\\/\\\/yatax.fr\\\/en\\\/contact\\\/\"]}]},{\"@type\":\"BreadcrumbList\",\"@id\":\"https:\\\/\\\/yatax.fr\\\/en\\\/contact\\\/#breadcrumb\",\"itemListElement\":[{\"@type\":\"ListItem\",\"position\":1,\"name\":\"Accueil\",\"item\":\"https:\\\/\\\/yatax.fr\\\/en\\\/\"},{\"@type\":\"ListItem\",\"position\":2,\"name\":\"Contact\"}]},{\"@type\":\"WebSite\",\"@id\":\"https:\\\/\\\/yatax.fr\\\/#website\",\"url\":\"https:\\\/\\\/yatax.fr\\\/\",\"name\":\"Yatax\",\"description\":\"Le Cabinet d&#039;Avocat d\u00e9di\u00e9 \u00e0 la fiscalit\u00e9\",\"potentialAction\":[{\"@type\":\"SearchAction\",\"target\":{\"@type\":\"EntryPoint\",\"urlTemplate\":\"https:\\\/\\\/yatax.fr\\\/?s={search_term_string}\"},\"query-input\":{\"@type\":\"PropertyValueSpecification\",\"valueRequired\":true,\"valueName\":\"search_term_string\"}}],\"inLanguage\":\"en-US\"}]}<\/script>\n<!-- \/ Yoast SEO plugin. -->","yoast_head_json":{"title":"Contact - Yatax","description":"Contact Yatax, Law Firm specializing in Tax Law, Customs Law and Company Law.","robots":{"index":"index","follow":"follow","max-snippet":"max-snippet:-1","max-image-preview":"max-image-preview:large","max-video-preview":"max-video-preview:-1"},"canonical":"https:\/\/yatax.fr\/en\/contact\/","og_locale":"en_US","og_type":"article","og_title":"Contact - Yatax","og_description":"Contact Yatax, Law Firm specializing in Tax Law, Customs Law and Company Law.","og_url":"https:\/\/yatax.fr\/en\/contact\/","og_site_name":"Yatax","article_modified_time":"2024-09-18T11:27:34+00:00","twitter_card":"summary_large_image","twitter_misc":{"Est. reading time":"1 minute"},"schema":{"@context":"https:\/\/schema.org","@graph":[{"@type":"WebPage","@id":"https:\/\/yatax.fr\/en\/contact\/","url":"https:\/\/yatax.fr\/en\/contact\/","name":"Contact - Yatax","isPartOf":{"@id":"https:\/\/yatax.fr\/#website"},"datePublished":"2020-04-20T19:14:05+00:00","dateModified":"2024-09-18T11:27:34+00:00","description":"Contact Yatax, Law Firm specializing in Tax Law, Customs Law and Company Law.","breadcrumb":{"@id":"https:\/\/yatax.fr\/en\/contact\/#breadcrumb"},"inLanguage":"en-US","potentialAction":[{"@type":"ReadAction","target":["https:\/\/yatax.fr\/en\/contact\/"]}]},{"@type":"BreadcrumbList","@id":"https:\/\/yatax.fr\/en\/contact\/#breadcrumb","itemListElement":[{"@type":"ListItem","position":1,"name":"Accueil","item":"https:\/\/yatax.fr\/en\/"},{"@type":"ListItem","position":2,"name":"Contact"}]},{"@type":"WebSite","@id":"https:\/\/yatax.fr\/#website","url":"https:\/\/yatax.fr\/","name":"Yatax","description":"Le Cabinet d&#039;Avocat d\u00e9di\u00e9 \u00e0 la fiscalit\u00e9","potentialAction":[{"@type":"SearchAction","target":{"@type":"EntryPoint","urlTemplate":"https:\/\/yatax.fr\/?s={search_term_string}"},"query-input":{"@type":"PropertyValueSpecification","valueRequired":true,"valueName":"search_term_string"}}],"inLanguage":"en-US"}]}},"_links":{"self":[{"href":"https:\/\/yatax.fr\/en\/wp-json\/wp\/v2\/pages\/773","targetHints":{"allow":["GET"]}}],"collection":[{"href":"https:\/\/yatax.fr\/en\/wp-json\/wp\/v2\/pages"}],"about":[{"href":"https:\/\/yatax.fr\/en\/wp-json\/wp\/v2\/types\/page"}],"author":[{"embeddable":true,"href":"https:\/\/yatax.fr\/en\/wp-json\/wp\/v2\/users\/1"}],"replies":[{"embeddable":true,"href":"https:\/\/yatax.fr\/en\/wp-json\/wp\/v2\/comments?post=773"}],"version-history":[{"count":8,"href":"https:\/\/yatax.fr\/en\/wp-json\/wp\/v2\/pages\/773\/revisions"}],"predecessor-version":[{"id":944,"href":"https:\/\/yatax.fr\/en\/wp-json\/wp\/v2\/pages\/773\/revisions\/944"}],"wp:attachment":[{"href":"https:\/\/yatax.fr\/en\/wp-json\/wp\/v2\/media?parent=773"}],"curies":[{"name":"wp","href":"https:\/\/api.w.org\/{rel}","templated":true}]}}